{"id":57,"date":"2021-02-26T15:30:02","date_gmt":"2021-02-26T15:30:02","guid":{"rendered":"https:\/\/sexsau.info\/amateur-sexcams\/?page_id=57"},"modified":"2025-02-02T09:35:53","modified_gmt":"2025-02-02T09:35:53","slug":"geile-schweinchen-zeigen-sich-vor-ihren-amateur-sexcams","status":"publish","type":"page","link":"https:\/\/sexsau.info\/amateur-sexcams\/","title":{"rendered":"Amateur Sexcams mit Live Sex und Sex Chat!"},"content":{"rendered":"<div class='list-holder-livecams' data-arguments='{\"post_type\":\"livecams\",\"posts_per_page\":\"16\",\"meta_query\":[],\"paged\":0}'><div class=\"row\">\n\n<article id=\"post-5\" class=\"col-md-3 col-sm-6 col-xs-12 post-5 livecams type-livecams status-publish hentry tag-dirty-talk tag-flirten tag-frau tag-hotties tag-livedate tag-tattos-piercing haarfarbe-blond figur-schlank\">\n\t<div class=\"entry-content\">\n\t\t<a href=\"https:\/\/sexsau.info\/amateur-sexcams\/livecams\/sweet-nina\/\" class=\"hostLink responsiveImageHolder\" style=\"background-image: url(https:\/\/visit-x.net\/VXREST\/v1\/host\/3036029\/profilePicture?size=320&fsk=16)\"><span><\/span><span class=\"hostInfo\"><i class=\"fa fa-cam-vx fa-5x\"><\/i><br \/>Zum Profil<\/span><div class=\"sendername\">sweet-nina<\/div><div class=\"onlineIcon\">Online<\/div><\/a>\t<\/div><!-- .entry-content -->\n<\/article><!-- #post-## -->\n\n\n<article id=\"post-13\" class=\"col-md-3 col-sm-6 col-xs-12 post-13 livecams type-livecams status-publish hentry tag-frau haarfarbe-schwarz figur-schlank\">\n\t<div class=\"entry-content\">\n\t\t<a href=\"https:\/\/sexsau.info\/amateur-sexcams\/livecams\/jasminwhite\/\" class=\"hostLink responsiveImageHolder\" style=\"background-image: url(https:\/\/visit-x.net\/VXREST\/v1\/host\/10036099\/profilePicture?size=320&fsk=16)\"><span><\/span><span class=\"hostInfo\"><i class=\"fa fa-cam-vx fa-5x\"><\/i><br \/>Zum Profil<\/span><div class=\"sendername\">JasminWhite<\/div><div class=\"onlineIcon\">Online<\/div><\/a>\t<\/div><!-- .entry-content -->\n<\/article><!-- #post-## -->\n\n\n<article id=\"post-153\" class=\"col-md-3 col-sm-6 col-xs-12 post-153 livecams type-livecams status-publish hentry tag-girls haarfarbe-braun figur-schlank\">\n\t<div class=\"entry-content\">\n\t\t<a href=\"https:\/\/sexsau.info\/amateur-sexcams\/livecams\/ausnahmef\/\" class=\"hostLink responsiveImageHolder\" style=\"background-image: url(https:\/\/visit-x.net\/VXREST\/v1\/host\/3662677\/profilePicture?size=320&fsk=16)\"><span><\/span><span class=\"hostInfo\"><i class=\"fa fa-cam-vx fa-5x\"><\/i><br \/>Zum Profil<\/span><div class=\"sendername\">Ausnahmef<\/div><div class=\"onlineIcon\">Online<\/div><\/a>\t<\/div><!-- .entry-content -->\n<\/article><!-- #post-## -->\n\n\n<article id=\"post-241\" class=\"col-md-3 col-sm-6 col-xs-12 post-241 livecams type-livecams status-publish hentry tag-girls haarfarbe-blond figur-schlank\">\n\t<div class=\"entry-content\">\n\t\t<a href=\"https:\/\/sexsau.info\/amateur-sexcams\/livecams\/ladysybella\/\" class=\"hostLink responsiveImageHolder\" style=\"background-image: url(https:\/\/visit-x.net\/VXREST\/v1\/host\/2348677\/profilePicture?size=320&fsk=16)\"><span><\/span><span class=\"hostInfo\"><i class=\"fa fa-cam-vx fa-5x\"><\/i><br \/>Zum Profil<\/span><div class=\"sendername\">LadySybella<\/div><div class=\"onlineIcon\">Online<\/div><\/a>\t<\/div><!-- .entry-content -->\n<\/article><!-- #post-## -->\n<\/div><div class=\"row\">\n\n<article id=\"post-346\" class=\"col-md-3 col-sm-6 col-xs-12 post-346 livecams type-livecams status-publish hentry tag-flirten tag-frau tag-girls tag-hotties tag-tattos-piercing haarfarbe-blond figur-schlank\">\n\t<div class=\"entry-content\">\n\t\t<a href=\"https:\/\/sexsau.info\/amateur-sexcams\/livecams\/shaiyashy\/\" class=\"hostLink responsiveImageHolder\" style=\"background-image: url(https:\/\/visit-x.net\/VXREST\/v1\/host\/5215457\/profilePicture?size=320&fsk=16)\"><span><\/span><span class=\"hostInfo\"><i class=\"fa fa-cam-vx fa-5x\"><\/i><br \/>Zum Profil<\/span><div class=\"sendername\">ShaiyaShy<\/div><div class=\"onlineIcon\">Online<\/div><\/a>\t<\/div><!-- .entry-content -->\n<\/article><!-- #post-## -->\n\n\n<article id=\"post-468\" class=\"col-md-3 col-sm-6 col-xs-12 post-468 livecams type-livecams status-publish hentry tag-girls haarfarbe-braun figur-athletisch\">\n\t<div class=\"entry-content\">\n\t\t<a href=\"https:\/\/sexsau.info\/amateur-sexcams\/livecams\/annikarose\/\" class=\"hostLink responsiveImageHolder\" style=\"background-image: url(https:\/\/visit-x.net\/VXREST\/v1\/host\/4319739\/profilePicture?size=320&fsk=16)\"><span><\/span><span class=\"hostInfo\"><i class=\"fa fa-cam-vx fa-5x\"><\/i><br \/>Zum Profil<\/span><div class=\"sendername\">AnnikaRose<\/div><div class=\"onlineIcon\">Online<\/div><\/a>\t<\/div><!-- .entry-content -->\n<\/article><!-- #post-## -->\n\n\n<article id=\"post-688\" class=\"col-md-3 col-sm-6 col-xs-12 post-688 livecams type-livecams status-publish hentry tag-girls haarfarbe-braun figur-durchschnittlich\">\n\t<div class=\"entry-content\">\n\t\t<a href=\"https:\/\/sexsau.info\/amateur-sexcams\/livecams\/hottiekattie\/\" class=\"hostLink responsiveImageHolder\" style=\"background-image: url(https:\/\/visit-x.net\/VXREST\/v1\/host\/8446140\/profilePicture?size=320&fsk=16)\"><span><\/span><span class=\"hostInfo\"><i class=\"fa fa-cam-vx fa-5x\"><\/i><br \/>Zum Profil<\/span><div class=\"sendername\">HottieKattie<\/div><div class=\"onlineIcon\">Online<\/div><\/a>\t<\/div><!-- .entry-content -->\n<\/article><!-- #post-## -->\n\n\n<article id=\"post-957\" class=\"col-md-3 col-sm-6 col-xs-12 post-957 livecams type-livecams status-publish hentry tag-girls haarfarbe-schwarz figur-mollig\">\n\t<div class=\"entry-content\">\n\t\t<a href=\"https:\/\/sexsau.info\/amateur-sexcams\/livecams\/linaa\/\" class=\"hostLink responsiveImageHolder\" style=\"background-image: url(https:\/\/visit-x.net\/VXREST\/v1\/host\/10702739\/profilePicture?size=320&fsk=16)\"><span><\/span><span class=\"hostInfo\"><i class=\"fa fa-cam-vx fa-5x\"><\/i><br \/>Zum Profil<\/span><div class=\"sendername\">Linaa<\/div><div class=\"onlineIcon\">Online<\/div><\/a>\t<\/div><!-- .entry-content -->\n<\/article><!-- #post-## -->\n<\/div><div class=\"row\">\n\n<article id=\"post-1077\" class=\"col-md-3 col-sm-6 col-xs-12 post-1077 livecams type-livecams status-publish hentry tag-girls haarfarbe-schwarz figur-durchschnittlich\">\n\t<div class=\"entry-content\">\n\t\t<a href=\"https:\/\/sexsau.info\/amateur-sexcams\/livecams\/sensualbianca\/\" class=\"hostLink responsiveImageHolder\" style=\"background-image: url(https:\/\/visit-x.net\/VXREST\/v1\/host\/9865326\/profilePicture?size=320&fsk=16)\"><span><\/span><span class=\"hostInfo\"><i class=\"fa fa-cam-vx fa-5x\"><\/i><br \/>Zum Profil<\/span><div class=\"sendername\">SensualBianca<\/div><div class=\"onlineIcon\">Online<\/div><\/a>\t<\/div><!-- .entry-content -->\n<\/article><!-- #post-## -->\n\n\n<article id=\"post-1137\" class=\"col-md-3 col-sm-6 col-xs-12 post-1137 livecams type-livecams status-publish hentry tag-dirty-talk tag-frau tag-girls tag-grosse-titten tag-milf tag-tattos-piercing haarfarbe-blond figur-schlank\">\n\t<div class=\"entry-content\">\n\t\t<a href=\"https:\/\/sexsau.info\/amateur-sexcams\/livecams\/milf-royal\/\" class=\"hostLink responsiveImageHolder\" style=\"background-image: url(https:\/\/visit-x.net\/VXREST\/v1\/host\/7832873\/profilePicture?size=320&fsk=16)\"><span><\/span><span class=\"hostInfo\"><i class=\"fa fa-cam-vx fa-5x\"><\/i><br \/>Zum Profil<\/span><div class=\"sendername\">MILF-Royal<\/div><div class=\"onlineIcon\">Online<\/div><\/a>\t<\/div><!-- .entry-content -->\n<\/article><!-- #post-## -->\n\n\n<article id=\"post-1494\" class=\"col-md-3 col-sm-6 col-xs-12 post-1494 livecams type-livecams status-publish hentry tag-girls haarfarbe-blond figur-mollig\">\n\t<div class=\"entry-content\">\n\t\t<a href=\"https:\/\/sexsau.info\/amateur-sexcams\/livecams\/reifesluder\/\" class=\"hostLink responsiveImageHolder\" style=\"background-image: url(https:\/\/visit-x.net\/VXREST\/v1\/host\/9999630\/profilePicture?size=320&fsk=16)\"><span><\/span><span class=\"hostInfo\"><i class=\"fa fa-cam-vx fa-5x\"><\/i><br \/>Zum Profil<\/span><div class=\"sendername\">reifesluder<\/div><div class=\"onlineIcon\">Online<\/div><\/a>\t<\/div><!-- .entry-content -->\n<\/article><!-- #post-## -->\n\n\n<article id=\"post-1551\" class=\"col-md-3 col-sm-6 col-xs-12 post-1551 livecams type-livecams status-publish hentry tag-girls haarfarbe-braun figur-mollig\">\n\t<div class=\"entry-content\">\n\t\t<a href=\"https:\/\/sexsau.info\/amateur-sexcams\/livecams\/chefin04\/\" class=\"hostLink responsiveImageHolder\" style=\"background-image: url(https:\/\/visit-x.net\/VXREST\/v1\/host\/2268324\/profilePicture?size=320&fsk=16)\"><span><\/span><span class=\"hostInfo\"><i class=\"fa fa-cam-vx fa-5x\"><\/i><br \/>Zum Profil<\/span><div class=\"sendername\">Chefin04<\/div><div class=\"onlineIcon\">Online<\/div><\/a>\t<\/div><!-- .entry-content -->\n<\/article><!-- #post-## -->\n<\/div><div class=\"row\">\n\n<article id=\"post-1733\" class=\"col-md-3 col-sm-6 col-xs-12 post-1733 livecams type-livecams status-publish hentry tag-dirty-talk tag-flirten tag-frau tag-girls tag-grosse-titten tag-milf tag-tattos-piercing haarfarbe-blond figur-durchschnittlich\">\n\t<div class=\"entry-content\">\n\t\t<a href=\"https:\/\/sexsau.info\/amateur-sexcams\/livecams\/devanka\/\" class=\"hostLink responsiveImageHolder\" style=\"background-image: url(https:\/\/visit-x.net\/VXREST\/v1\/host\/3250718\/profilePicture?size=320&fsk=16)\"><span><\/span><span class=\"hostInfo\"><i class=\"fa fa-cam-vx fa-5x\"><\/i><br \/>Zum Profil<\/span><div class=\"sendername\">Devanka<\/div><div class=\"onlineIcon\">Online<\/div><\/a>\t<\/div><!-- .entry-content -->\n<\/article><!-- #post-## -->\n\n\n<article id=\"post-2015\" class=\"col-md-3 col-sm-6 col-xs-12 post-2015 livecams type-livecams status-publish hentry tag-girls haarfarbe-braun figur-mollig\">\n\t<div class=\"entry-content\">\n\t\t<a href=\"https:\/\/sexsau.info\/amateur-sexcams\/livecams\/happymichelle\/\" class=\"hostLink responsiveImageHolder\" style=\"background-image: url(https:\/\/visit-x.net\/VXREST\/v1\/host\/5859567\/profilePicture?size=320&fsk=16)\"><span><\/span><span class=\"hostInfo\"><i class=\"fa fa-cam-vx fa-5x\"><\/i><br \/>Zum Profil<\/span><div class=\"sendername\">HappyMichelle<\/div><div class=\"onlineIcon\">Online<\/div><\/a>\t<\/div><!-- .entry-content -->\n<\/article><!-- #post-## -->\n\n\n<article id=\"post-2619\" class=\"col-md-3 col-sm-6 col-xs-12 post-2619 livecams type-livecams status-publish hentry tag-girls haarfarbe-braun figur-durchschnittlich\">\n\t<div class=\"entry-content\">\n\t\t<a href=\"https:\/\/sexsau.info\/amateur-sexcams\/livecams\/hotlena1984\/\" class=\"hostLink responsiveImageHolder\" style=\"background-image: url(https:\/\/visit-x.net\/VXREST\/v1\/host\/10628382\/profilePicture?size=320&fsk=16)\"><span><\/span><span class=\"hostInfo\"><i class=\"fa fa-cam-vx fa-5x\"><\/i><br \/>Zum Profil<\/span><div class=\"sendername\">HotLena1984<\/div><div class=\"onlineIcon\">Online<\/div><\/a>\t<\/div><!-- .entry-content -->\n<\/article><!-- #post-## -->\n\n\n<article id=\"post-3043\" class=\"col-md-3 col-sm-6 col-xs-12 post-3043 livecams type-livecams status-publish hentry tag-girls haarfarbe-braun figur-schlank\">\n\t<div class=\"entry-content\">\n\t\t<a href=\"https:\/\/sexsau.info\/amateur-sexcams\/livecams\/zara-bizarr-2\/\" class=\"hostLink responsiveImageHolder\" style=\"background-image: url(https:\/\/visit-x.net\/VXREST\/v1\/host\/11384013\/profilePicture?size=320&fsk=0)\"><span><\/span><span class=\"hostInfo\"><i class=\"fa fa-cam-vx fa-5x\"><\/i><br \/>Zum Profil<\/span><div class=\"sendername\">Zara-Bizarr<\/div><div class=\"onlineIcon\">Online<\/div><\/a>\t<\/div><!-- .entry-content -->\n<\/article><!-- #post-## -->\n<\/div><div class=\"row\"><\/div><div class=\"row text-right\"><nav><ul class=\"pagination pagination-sm livecams\"><li class=\"active\"><span>1 <span class=\"sr-only\">(aktuell)<\/span><\/span><\/li><li><a href='https:\/\/sexsau.info\/amateur-sexcams\/wp-json\/wp\/v2\/pages\/57\/page\/2\/' data-pagination='2'>2<\/a><\/li><li><a href='https:\/\/sexsau.info\/amateur-sexcams\/wp-json\/wp\/v2\/pages\/57\/page\/3\/' data-pagination='3'>3<\/a><\/li><li><a href='https:\/\/sexsau.info\/amateur-sexcams\/wp-json\/wp\/v2\/pages\/57\/page\/4\/' data-pagination='4'>4<\/a><\/li><li><a href='https:\/\/sexsau.info\/amateur-sexcams\/wp-json\/wp\/v2\/pages\/57\/page\/5\/' data-pagination='5'>5<\/a><\/li><li><a href=\"https:\/\/sexsau.info\/amateur-sexcams\/wp-json\/wp\/v2\/pages\/57\/page\/2\/\"  aria-label=\"N\u00e4chste\" title=\"N\u00e4chste\" data-pagination=\"2\">&rsaquo;<\/a><\/li><li><a href='https:\/\/sexsau.info\/amateur-sexcams\/wp-json\/wp\/v2\/pages\/57\/page\/214\/' aria-label='Lettze' title='Letzte' data-pagination='214'>&raquo;<\/a><\/li><\/ul><\/nav><\/div><div class=\"ajax-holder\">\n\t\t\t\t<div class=\"bubblingG\">\n\t\t\t\t<span id=\"bubblingG_1\"><\/span>\n\t\t\t\t<span id=\"bubblingG_2\"><\/span>\n\t\t\t\t<span id=\"bubblingG_3\"><\/span>\n\t\t\t<\/div>\n\t\t<\/div><\/div>\n\n\n<div class=\"cool-tag-cloud\"><div class=\"animation\"><div class=\"ctcred\"><div class=\"ctcleft\"><div class=\"Arial, Helvetica, sans-serif\" style=\"text-transform:uppercase!important;\"><a href=\"https:\/\/sexsau.info\/amateur-sexcams\/tag\/bdsm\/\" class=\"tag-cloud-link tag-link-15 tag-link-position-1\" style=\"font-size: 10px;\">BDSM<\/a><a href=\"https:\/\/sexsau.info\/amateur-sexcams\/tag\/bondage\/\" class=\"tag-cloud-link tag-link-14 tag-link-position-2\" style=\"font-size: 10px;\">Bondage<\/a><a href=\"https:\/\/sexsau.info\/amateur-sexcams\/tag\/couples\/\" class=\"tag-cloud-link tag-link-33 tag-link-position-3\" style=\"font-size: 10px;\">Couples<\/a><a href=\"https:\/\/sexsau.info\/amateur-sexcams\/tag\/devot\/\" class=\"tag-cloud-link tag-link-18 tag-link-position-4\" style=\"font-size: 10px;\">Devot<\/a><a href=\"https:\/\/sexsau.info\/amateur-sexcams\/tag\/dirty-talk\/\" class=\"tag-cloud-link tag-link-7 tag-link-position-5\" style=\"font-size: 10px;\">Dirty Talk<\/a><a href=\"https:\/\/sexsau.info\/amateur-sexcams\/tag\/dominant\/\" class=\"tag-cloud-link tag-link-24 tag-link-position-6\" style=\"font-size: 10px;\">Dominant<\/a><a href=\"https:\/\/sexsau.info\/amateur-sexcams\/tag\/fetisch\/\" class=\"tag-cloud-link tag-link-13 tag-link-position-7\" style=\"font-size: 10px;\">Fetisch<\/a><a href=\"https:\/\/sexsau.info\/amateur-sexcams\/tag\/flirten\/\" class=\"tag-cloud-link tag-link-8 tag-link-position-8\" style=\"font-size: 10px;\">Flirten<\/a><a href=\"https:\/\/sexsau.info\/amateur-sexcams\/tag\/frau\/\" class=\"tag-cloud-link tag-link-4 tag-link-position-9\" style=\"font-size: 10px;\">Frau<\/a><a href=\"https:\/\/sexsau.info\/amateur-sexcams\/tag\/frau-frau\/\" class=\"tag-cloud-link tag-link-41 tag-link-position-10\" style=\"font-size: 10px;\">Frau\/Frau<\/a><a href=\"https:\/\/sexsau.info\/amateur-sexcams\/tag\/frau-mann\/\" class=\"tag-cloud-link tag-link-32 tag-link-position-11\" style=\"font-size: 10px;\">Frau\/Mann<\/a><a href=\"https:\/\/sexsau.info\/amateur-sexcams\/tag\/fusserotik\/\" class=\"tag-cloud-link tag-link-16 tag-link-position-12\" style=\"font-size: 10px;\">Fu\u00dferotik<\/a><a href=\"https:\/\/sexsau.info\/amateur-sexcams\/tag\/girls\/\" class=\"tag-cloud-link tag-link-27 tag-link-position-13\" style=\"font-size: 10px;\">Girls<\/a><a href=\"https:\/\/sexsau.info\/amateur-sexcams\/tag\/grosse-titten\/\" class=\"tag-cloud-link tag-link-10 tag-link-position-14\" style=\"font-size: 10px;\">Gro\u00dfe Titten<\/a><a href=\"https:\/\/sexsau.info\/amateur-sexcams\/tag\/hotties\/\" class=\"tag-cloud-link tag-link-6 tag-link-position-15\" style=\"font-size: 10px;\">Hotties<\/a><a href=\"https:\/\/sexsau.info\/amateur-sexcams\/tag\/lack-leder\/\" class=\"tag-cloud-link tag-link-17 tag-link-position-16\" style=\"font-size: 10px;\">Lack\/Leder<\/a><a href=\"https:\/\/sexsau.info\/amateur-sexcams\/tag\/latin\/\" class=\"tag-cloud-link tag-link-11 tag-link-position-17\" style=\"font-size: 10px;\">Latin<\/a><a href=\"https:\/\/sexsau.info\/amateur-sexcams\/tag\/livedate\/\" class=\"tag-cloud-link tag-link-9 tag-link-position-18\" style=\"font-size: 10px;\">Livedate<\/a><a href=\"https:\/\/sexsau.info\/amateur-sexcams\/tag\/mann-mann\/\" class=\"tag-cloud-link tag-link-40 tag-link-position-19\" style=\"font-size: 10px;\">Mann\/Mann<\/a><a href=\"https:\/\/sexsau.info\/amateur-sexcams\/tag\/milf\/\" class=\"tag-cloud-link tag-link-34 tag-link-position-20\" style=\"font-size: 10px;\">MILF<\/a><\/div><\/div><\/div><\/div><\/div>\n\n\n\n<center><span class=\"red\">Bei der gro\u00dfen Auswahl an Nischen ist f\u00fcr jeden Geschmack etwas dabei !<\/span><\/center>\n\n\n\n<p>Warum eigentlich immer nur Fotos oder Videos von geilem Amateuren anschauen. Man kann doch auch in live Interaktion mit scharfen deutschen Frauen&amp;M\u00e4nnern treten und zusammen mit ihnen am Telefon oder live vor ihren Amateur Sexcams gemeinsam abwichsen und eine sexy Zeit erleben. Immer nur alleine ist doch total langweilig auf Dauer, oder nicht ? Es warten tausende von richtig scharfen Sexcam Amateuren darauf mit dir zusammen vor der Webcam ganz versaute Sachen zu machen. Diese Amateure haben live Sex vor der Webcam oder sie masturbieren direkt live vor deinen Augen. Geiler <a href=\"https:\/\/www.video-sexchat.xyz\/\">cam2cam Sexchat mit deutschen Amateuren<\/a> mit Ton und in Farbe. Einfach Anmelden und loslegen. Dort findest du alles von sexuell ausgehungerten Hausfrauen bis hin zu versauten Fetisch Sexcams mit Transen und Lesben oder Asiatinnen und noch viel mehr. F\u00fcr deine erste Anmeldung erh\u00e4ltst du sogar 10 Euro Startkapital umsonst, um schon mal in eine geile Amateur Sexcams Show reinzuschnuppern.<\/p>\n\n\n\n<center><span class=\"green\">Was wohl deine geile Arbeitskollegin nach Feierabend so macht ? Finde es jetzt heraus !<\/span><\/center>\n\n\n\n<figure class=\"wp-block-image size-full\"><a href=\"https:\/\/live.sexsau.info\/?pc=S10EXLVCHT&amp;jump=signup\"><img loading=\"lazy\" decoding=\"async\" width=\"1100\" height=\"609\" src=\"https:\/\/sexsau.info\/amateur-sexcams\/wp-content\/uploads\/2025\/02\/amateur-sexcam.webp\" alt=\"\" class=\"wp-image-8029\" srcset=\"https:\/\/sexsau.info\/amateur-sexcams\/wp-content\/uploads\/2025\/02\/amateur-sexcam.webp 1100w, https:\/\/sexsau.info\/amateur-sexcams\/wp-content\/uploads\/2025\/02\/amateur-sexcam-300x166.webp 300w, https:\/\/sexsau.info\/amateur-sexcams\/wp-content\/uploads\/2025\/02\/amateur-sexcam-1024x567.webp 1024w, https:\/\/sexsau.info\/amateur-sexcams\/wp-content\/uploads\/2025\/02\/amateur-sexcam-768x425.webp 768w\" sizes=\"auto, (max-width: 1100px) 100vw, 1100px\" \/><\/a><\/figure>\n\n\n\n<a href=\"https:\/\/live.sexsau.info\/?w=42868&amp;ws=2102001&amp;pc=CHAT41TOP&amp;vxpAutoFlow=Signup\" class=\"myButton\">ECHTE AMATEURE &#8211; PRIVATE WEBCAMS &#8211; <u>SEX CHATS<\/u> <span class=\"geschenk\"><\/span> <\/a>\n\n\n\n<h2 class=\"wp-block-heading\">Deutsche Amateure treiben es beim Amateur Sex Live vor der Webcam<\/h2>\n\n\n\n<div class=\"flexboxxx\">\n\t<div class=\"checkliste-image-top\">\n\t<a href=\"https:\/\/live.sexsau.info\/?w=42868&amp;ws=2102001&amp;pc=CHAT41TOP&amp;vxpAutoFlow=Signup\">\n<img decoding=\"async\" src=\"https:\/\/sexsau.info\/amateur-sexcams\/amateure-ficken.jpg\" alt=\"Amateure haben Live Sex\"><\/a>\n<\/div>\n<div class=\"flexitexti\">\n<p>\n\t\t\tSch\u00fcchternheit ist hier fehl am Platz und wer sich die M\u00fche macht sich ein bisschen umzuschauen der findet ganz bestimmt seine ganz pers\u00f6nliche geile Traumfrau f\u00fcr eine geile Zeit im Sexcam Chat. Einfach Anmelden und loslegen !! Einfacher geht es nun wirklich nicht echten Amateuren beim Sex live zuzusehen. Falls du sofort loslegen m\u00f6chtest ohne erst dein Konto aufzuladen dann kannst du hier sogar einen <a style=\"color: #ffcc00 !important;\" class=\"ext-link\" href=\"https:\/\/www.telefon-sexcams.net\/\">Sofort Zugang per Telefon<\/a> bekommen. Dann kannst du innerhalb von wenigen Minuten geilen P\u00e4rchen live beim Sex vor ihren Sexcams zusehen. Echte Amateure von nebenan die deine Nachbarn sein k\u00f6nnten. Direkt in das Wohnzimmer von deutschen P\u00e4rchen und das ganze gem\u00fctlich vom Sofa aus, mit deinem Handy, oder am Pc. Tauche jetzt ein in die wundervolle Welt der Live Sex Cams und lebe deine voyeuristischen Phantasien aus wenn du Amateure live vor der Webcam nackt und beim Sex beobachtest. Deinen versauten Phantasien sind hier kaum Grenzen gesetzt, da du hier quasi als Regisseur den Amateurgirls und P\u00e4rchen vorgeben kannst was du von ihnen gerne sehen m\u00f6chtest, denn immerhin bezahlst du ja daf\u00fcr. Also keine falsche Scham und rein in den Sexcam Chat. Es warten bereits <a href=\"https:\/\/www.deutsche-sexcam.live\/\">hunderte deutsche Sexcams Amateure<\/a> darauf mit dir sofort loszulegen.\n\t\t\t<\/p><\/div>\n\t\t<\/div>\n\n\n\n<h3 class=\"wp-block-heading\">Deine Vorz\u00fcge bei der Anmeldung auf unserer Plattform f\u00fcr Amateur Webcams<\/h3>\n\n\n\n<p> <span class=\"herzi\"><\/span> Es handelt sich hier zu 100% um echte Amateur Sex Cam Darsteller, die das nicht Beruflich machen, sondern in ihrer Freizeit aufregenden privat Camsex suchen um bestimmte Sexuelle Bed\u00fcrfnisse auszuleben. Eben das Amateur Girl oder der Boy aus der Nachbarschaft.<\/p>\n\n\n\n<p><span class=\"herzi\"><\/span> Alles was dem heutigen Sexcam Standard entspricht wird hier nat\u00fcrlich angeboten. Das geht von Cam zu Cam wo du beim chatten live deine eigene Webcam hin zuschalten kannst bis hin zur allseits beliebten Dildosteuerung, bei der du die Intensit\u00e4t der Erotikspielzeuge von deinem Computer aus, in Echtzeit steuerst. Nat\u00fcrlich sind die meisten Cams in HD Qualit\u00e4t und einige bieten sogar atemberaubendes 4k f\u00fcr h\u00f6chste Anspr\u00fcche bei der <a href=\"https:\/\/www.transensexcams.net\/amateur-sexcams\/\" target=\"_blank\" rel=\"noreferrer noopener\">Amateur Livesex<\/a> \u00dcbertragung.<\/p>\n\n\n\n<p>\n        <span class=\"herzi\"><\/span> Hunderte hei\u00dfer Amateure aus allen nur erdenklichen Nischen erwarten dich. Das bedeutet du findest zu den &#8222;normalen&#8220; Nischen wie z.B Teens oder Hausfrauen auch ausgefallene Sexcam Kontakte wie deutschsprachige Asiatinnen oder T\u00fcrkinnen. Auch Dominas, BDSM, Geile Trans Frauen und auch Omas sowie scharfe Boys und noch viele mehr. Aufgrund der hohen Anzahl an Mitgliedern auf unserem Portal findest du zu jeder Tages,- und Nachtzeit jemanden der gerade Bock auf etwas geile Gesellschaft hat. Auch wenn du Nachts um 3:30 aufwachst und nicht mehr schlafen kannst, kannst du sicher sein, das du hier deinen <a href=\"https:\/\/www.sexcams247.net\/\" class=\"ext-link\" target=\"_blank\" rel=\"noopener\">Sexcams Spa\u00df 24\/7<\/a> bekommst, damit du wieder entspannt zur Ruhe kommst.<\/p>\n\n\n\n<p>\n        <span class=\"herzi\"><\/span> Heute mal keine Lust aktiv private Sexchats zu f\u00fchren ? Kein Problem. An solchen chatfaulen Tagen kannst du dich zur\u00fccklehnen und dir Amateur Pornos der Sender anschauen oder aber auch vergangene Amateursex live Webcam Aufnahmen ansehen.<\/p>\n\n\n\n<p><span class=\"herzi\"><\/span> Du stehst zwar auf eine gute private Sexcams Show , aber du tr\u00e4umst auch davon deine lieblings Darstellerin auch mal in real f\u00fcr ein Rendezvous zu treffen ? Frag doch einfach mal an. Es ist nicht verboten das sich die Frauen f\u00fcr privaten Sex verabreden und es kommt auch regelm\u00e4\u00dfig vor das <a href=\"https:\/\/sexsau.info\/\" class=\"int-link\">Amateur Sexkontakte<\/a> gekn\u00fcpft werden. Bei der gro\u00dfen Anzahl an freiz\u00fcgigen und Nymphomanen Frauen ist die Chance ziemlich hoch eine zu finden die mit dir geilen Sex haben w\u00fcrde..<\/p>\n\n\n\n<div class=\"flexboxxx\">\n<div id=\"checkliste\">\n<h3>Clubmitglieder haben Exklusive Vorteile<\/h3>\n<ul class=\"koeder\">\n<li>10 \u20acuro STARTGUTHABEN GESCHENKT !<\/li>\n<li>Easy &#8211; Schnell &#8211; Anonym ~ BEZAHLEN PER TELEFON ~<\/li>\n<li>Geile Hardcore Porno Videos &amp; Fotos der Amateure<\/li>\n<li>Sexchat mit HD und 4k Webcams<\/li>\n<li>Private Nachrichten empfangen und senden<\/li>\n<li>Erstelle ein Profil mit Fotos &amp; Infos \u00fcber dich<\/li>\n<li>Gemeinsam mehr Spa\u00df haben mit Cam2Cam und Audio<\/li>\n<li>100% Handy tauglich f\u00fcr Unterwegs oder auf Reisen<\/li>\n<\/ul><\/div>\n<figure><img decoding=\"async\" src=\"https:\/\/sexsau.info\/amateur-sexcams\/sexsau-amateur-sexcams.jpg\" alt=\"sexsau.info - Deutsche Amateur Sexcams\"><\/figure><div class=\"checkliste-image\">\n\t<a href=\"https:\/\/live.sexsau.info\/?w=42868&amp;ws=2102001&amp;pc=CHAT41TOP&amp;vxpAutoFlow=Signup\">\n<\/a>\n<\/div>\n<\/div>\n\n\n\n<h4 class=\"wp-block-heading\">Gratis testen mit 10 \u20ac Guthaben &#8211; Nur auf Sexsau.info<\/h4>\n\n\n\n<p>Du kannst unsere geile Gemeinschaft von Amateuren v\u00f6llig Risiko,- und kostenfrei testen, indem du dich gratis anmeldest, deine Handy Nummer best\u00e4tigst und dich \u00fcber dein Startguthaben von \u00fcber 10 Euro erfreust. Du musst kein Geld einzahlen und bekommst diese zehn Euro ohne Bedingungen. Das bedingungslose Grundeinkommen l\u00e4sst noch auf sich warten &#8211; jedoch bei uns bekommst du dein bedingungsloses Sexcam-Guthaben schon HEUTE.Viel Spa\u00df mit deiner Freikarte und eine geile Zeit w\u00fcnschen dir die Amateure von Sexsau.<\/p>\n\n\n\n<a href=\"https:\/\/live.sexsau.info\/?w=42868&amp;ws=2102001&amp;pc=CHAT41TOP&amp;vxpAutoFlow=Signup\" class=\"myButton\">Worauf wartest du noch ? JETZT AMATEUR SEXCAM CHATTEN ! <span class=\"geschenk\"><\/span><\/a>\n","protected":false},"excerpt":{"rendered":"<p>Bei der gro\u00dfen Auswahl an Nischen ist f\u00fcr jeden Geschmack etwas dabei ! Warum eigentlich immer nur Fotos oder Videos von geilem Amateuren anschauen. Man kann doch auch in live Interaktion mit scharfen deutschen Frauen&amp;M\u00e4nnern treten und zusammen mit ihnen am Telefon oder live vor ihren Amateur Sexcams gemeinsam abwichsen und eine sexy Zeit erleben. <a class=\"moretag\" href=\"https:\/\/sexsau.info\/amateur-sexcams\/livecams\/zara-bizarr-2\/\"> Mehr lesen<\/a><\/p>\n","protected":false},"author":1,"featured_media":0,"parent":0,"menu_order":0,"comment_status":"closed","ping_status":"closed","template":"page-templates\/page_without_sidebar.php","meta":{"footnotes":""},"class_list":["post-57","page","type-page","status-publish","hentry"],"_links":{"self":[{"href":"https:\/\/sexsau.info\/amateur-sexcams\/wp-json\/wp\/v2\/pages\/57","targetHints":{"allow":["GET"]}}],"collection":[{"href":"https:\/\/sexsau.info\/amateur-sexcams\/wp-json\/wp\/v2\/pages"}],"about":[{"href":"https:\/\/sexsau.info\/amateur-sexcams\/wp-json\/wp\/v2\/types\/page"}],"author":[{"embeddable":true,"href":"https:\/\/sexsau.info\/amateur-sexcams\/wp-json\/wp\/v2\/users\/1"}],"replies":[{"embeddable":true,"href":"https:\/\/sexsau.info\/amateur-sexcams\/wp-json\/wp\/v2\/comments?post=57"}],"version-history":[{"count":24,"href":"https:\/\/sexsau.info\/amateur-sexcams\/wp-json\/wp\/v2\/pages\/57\/revisions"}],"predecessor-version":[{"id":8057,"href":"https:\/\/sexsau.info\/amateur-sexcams\/wp-json\/wp\/v2\/pages\/57\/revisions\/8057"}],"wp:attachment":[{"href":"https:\/\/sexsau.info\/amateur-sexcams\/wp-json\/wp\/v2\/media?parent=57"}],"curies":[{"name":"wp","href":"https:\/\/api.w.org\/{rel}","templated":true}]}}